{"id":4516,"date":"2016-04-20T12:05:16","date_gmt":"2016-04-20T12:05:16","guid":{"rendered":"https:\/\/www.sinefarm.rs\/caj-protiv-secerne-bolesti-30-g-e-filter-kesice-diabetol\/"},"modified":"2021-03-19T14:11:40","modified_gmt":"2021-03-19T14:11:40","slug":"caj-protiv-secerne-bolesti-30-g-e-filter-kesice-diabetol","status":"publish","type":"product","link":"https:\/\/www.sinefarm.rs\/en\/caj-protiv-secerne-bolesti-30-g-e-filter-kesice-diabetol\/","title":{"rendered":"\u010caj protiv \u0161e\u0107erne bolesti -30 g-e filter kesice-DIABETOL"},"content":{"rendered":"<p><strong>MIXED HERBAL TEA FOR THE PREPARATION OF A DIETARY DRINK<\/strong><br \/>\n<strong>THAT HELPS WITH DIABETES <\/strong><\/p>\n<p><strong>INGREDIENTS: <\/strong><\/p>\n<table>\n<tbody>\n<tr>\n<td>Common wormwood (Artemisia absinthium \u2013 herba) \u2013 plant*<\/td>\n<td>10%<\/td>\n<\/tr>\n<tr>\n<td>Birch (Betula pendula \u2013 folium) \u2013 leaf*<\/td>\n<td>15%<\/td>\n<\/tr>\n<tr>\n<td>Black mulberry (Morus nigra \u2013 folium) \u2013 leaf*<\/td>\n<td>20%<\/td>\n<\/tr>\n<tr>\n<td>Common bean (Phaseolus vulgaris \u2013 legumen) \u2013 pod*<\/td>\n<td>35%<\/td>\n<\/tr>\n<tr>\n<td>Nettle (Urtica dioica \u2013 folium) \u2013 leaf*<\/td>\n<td>20%<\/td>\n<\/tr>\n<\/tbody>\n<\/table>\n<p><strong>*Daily needs not established<\/strong><\/p>\n<p><strong>INSTRUCTIONS FOR USE:<\/strong> Put 1 to 2 bags of tea in a bowl, pour 2 dl of boiling water over and cover. After 30 minutes, remove the bag(s). Drink 4 times a day before meals, always freshly prepared. Give to children according to age.<br \/>\nThis drink can be used for a long period of time with no undesired consequences.<br \/>\nThrough their physiological properties, the active principles from the carefully selected parts of plants in this tea mixture help to regulate, i.e. lower, blood sugar levels and thus have a protective effect on the whole organism, preventing the consequences of long-term elevated blood sugar levels.<br \/>\nThe use of this product on its own does not serve for the diagnosis or treatment of any disease, but is an addition to the diet or to other therapies in staying healthy or recovering.<\/p>\n<p><strong>HOW TO STORE:<\/strong> Keep closed, in the original packaging, in a dark place at room temperature.<\/p>\n<p><strong>SAFETY PRECAUTIONS:<\/strong> Proven hypersensitivity to any component of the preparation.<\/p>\n","protected":false},"excerpt":{"rendered":"<p>MIXED HERBAL TEA FOR THE PREPARATION OF A DIETARY DRINK THAT HELPS WITH DIABETES INGREDIENTS: Common wormwood (Artemisia absinthium \u2013 herba) \u2013 plant* 10% Birch (Betula [&hellip;]<\/p>\n","protected":false},"featured_media":4518,"comment_status":"open","ping_status":"closed","template":"","meta":{"_acf_changed":false},"product_brand":[],"product_cat":[43],"product_tag":[],"class_list":{"0":"post-4516","1":"product","2":"type-product","3":"status-publish","4":"has-post-thumbnail","6":"product_cat-teas-single-and-multi-component-filter-and-bulk","8":"first","9":"instock","10":"shipping-taxable","11":"product-type-simple"},"acf":[],"_links":{"self":[{"href":"https:\/\/www.sinefarm.rs\/en\/wp-json\/wp\/v2\/product\/4516","targetHints":{"allow":["GET"]}}],"collection":[{"href":"https:\/\/www.sinefarm.rs\/en\/wp-json\/wp\/v2\/product"}],"about":[{"href":"https:\/\/www.sinefarm.rs\/en\/wp-json\/wp\/v2\/types\/product"}],"replies":[{"embeddable":true,"href":"https:\/\/www.sinefarm.rs\/en\/wp-json\/wp\/v2\/comments?post=4516"}],"wp:featuredmedia":[{"embeddable":true,"href":"https:\/\/www.sinefarm.rs\/en\/wp-json\/wp\/v2\/media\/4518"}],"wp:attachment":[{"href":"https:\/\/www.sinefarm.rs\/en\/wp-json\/wp\/v2\/media?parent=4516"}],"wp:term":[{"taxonomy":"product_brand","embeddable":true,"href":"https:\/\/www.sinefarm.rs\/en\/wp-json\/wp\/v2\/product_brand?post=4516"},{"taxonomy":"product_cat","embeddable":true,"href":"https:\/\/www.sinefarm.rs\/en\/wp-json\/wp\/v2\/product_cat?post=4516"},{"taxonomy":"product_tag","embeddable":true,"href":"https:\/\/www.sinefarm.rs\/en\/wp-json\/wp\/v2\/product_tag?post=4516"}],"curies":[{"name":"wp","href":"https:\/\/api.w.org\/{rel}","templated":true}]}}