{"id":4060,"date":"2016-04-20T12:41:28","date_gmt":"2016-04-20T12:41:28","guid":{"rendered":"https:\/\/www.sinefarm.rs\/propolis-kapi-sa-ehinaceom-c-vitaminom-20-ml-e\/"},"modified":"2024-12-19T16:00:09","modified_gmt":"2024-12-19T15:00:09","slug":"propolis-kapi-sa-ehinaceom-c-vitaminom-20-ml-e","status":"publish","type":"product","link":"https:\/\/www.sinefarm.rs\/en\/propolis-kapi-sa-ehinaceom-c-vitaminom-20-ml-e\/","title":{"rendered":"Propolis kapi sa ehinaceom i C vitaminom<br>-20 ml-e"},"content":{"rendered":"<p><strong>DIJETETSKI SUPLEMENT &#8211; ORALNE KAPI<\/strong><\/p>\n<p><strong>Osobine i delovanje:<\/strong> <strong><em>Propolis<\/em><\/strong> je najzna\u010dajniji p\u010delinji proizvod i prirodni antibiotik.\u00a0 Ispoljava antibakterijsko, antimikoti\u010dno, antivirusno, antiparazitsko, antioksidativno i imunostimuliraju\u0107e dejstvo. Povoljno deluje na ja\u010danje otpornosti organizma, a mo\u017ee se koristiti kod upale usta, grla, nosa i uha, kao i u ginekologiji i dermatokozmetologiji, kod povr\u0161inskih rana i infekcija na ko\u017ei i sluzoko\u017ei, aktiviraju\u0107i enzime \u0107elijskog metabolizma \u010dime stimuli\u0161e procese regeneracije i epitelizacije o\u0161te\u0107enog tkiva. Aktivni principi izolovani iz <strong><em>Ehinacee<\/em><\/strong> deluju kao imunostimulator, dovode do pove\u0107anja produkcije interferona (jedinjenja odgovornog za odbranu organizma od infekcija, u prvom redu protiv virusa), ubla\u017eavaju simptome postoje\u0107e infekcije, deluju protektivno i ubrzavaju oporavak. Tako\u0111e, deluju bakteriostati\u010dki na nekoliko vrsta stafilokoka, streptokoka i pojedinih gljivica. Poznato je i za\u0161titno delovanje ehinacee na ko\u017eu. Dodatkom <strong><em>vitamina C<\/em><\/strong> poja\u010dava se profilaksa i tretman raznih infekcija.<\/p>\n<p><strong>Ovo su navodi iz literature i stru\u010dnog mi\u0161ljenja specijalizovanih ustanova koje se pozivaju na stavove EMA, ESCOP, WHO itd. a ne tvrdnje proizvo\u0111a\u010da.<\/strong><\/p>\n<p><strong>Na\u010din \u010duvanja: <\/strong>Proizvod \u010duvati zatvoren u originalnom pakovanju, za\u0161ti\u0107en od svetlosti i vlage, na temperaturi do 25\u00b0C.<\/p>\n<p><strong>Sastav:<\/strong> Visoko pre\u010di\u0161\u0107eni ekstrakt propolisa (10%) i herbe ehinacee (<em>Echinacea purpurea<\/em>) u etanolskom rastvoru sa dodatkom vitamina C. <strong>Energetska vrednost 1898 kJ\/492 kcal na 100 ml.<\/strong><\/p>\n<table>\n<tbody>\n<tr>\n<td width=\"204\"><strong>Aktivni sastojci<\/strong><\/td>\n<td width=\"96\"><strong>U 30 kapi<\/strong><\/td>\n<td width=\"120\"><strong>U 90 kapi (dnevni unos)<\/strong><\/td>\n<td width=\"84\"><strong>% NRV*<br \/>\n(90 kapi)<\/strong><\/td>\n<td width=\"96\"><strong>U 100,0 ml<\/strong><\/td>\n<\/tr>\n<tr>\n<td width=\"204\">Visoko pre\u010di\u0161\u0107eni ekstrakt propolisa (10%) sadr\u017ei:<\/td>\n<td width=\"96\">150,0 mg<\/td>\n<td width=\"120\">450,0 mg<\/td>\n<td width=\"84\">&#8211;<\/td>\n<td width=\"96\">10 g<\/td>\n<\/tr>\n<tr>\n<td width=\"204\">&#8211; Bioflavonoida,<br \/>\nizra\u017eenih na kvercetin<\/td>\n<td width=\"96\">1,37 mg<\/td>\n<td width=\"120\">4,11 mg<\/td>\n<td width=\"84\">&#8211;<\/td>\n<td width=\"96\">91,3 mg<\/td>\n<\/tr>\n<tr>\n<td width=\"204\">&#8211; Polifenola,<br \/>\nizra\u017eenih na kafenu kiselinu<\/td>\n<td width=\"96\">6,09 mg<\/td>\n<td width=\"120\">18,26 mg<\/td>\n<td width=\"84\">&#8211;<\/td>\n<td width=\"96\">405,8 mg<\/td>\n<\/tr>\n<tr>\n<td width=\"204\">Vitamin C<br \/>\n(L-askorbinska kiselina)<\/td>\n<td width=\"96\">93,75 mg<\/td>\n<td width=\"120\">281,25 mg<\/td>\n<td width=\"84\">351,6<\/td>\n<td width=\"96\">6,25 g<\/td>\n<\/tr>\n<\/tbody>\n<\/table>\n<p>* NRV (Nutritivna referentna vrednost)<\/p>\n<p><strong>Na\u010din upotrebe:<\/strong> Za navedena stanja uzeti 3 puta dnevno po 30 kapi sa malo vode, mleka, meda i sli\u010dno, zadr\u017eati kratko u ustima, a zatim ih progutati.<\/p>\n<p><strong>Napomene: <\/strong><em>Pre upotrebe promu\u0107kati.<\/em> Sastav i <strong>boja<\/strong> propolisa zavisi od biljnih vrsta sa kojih p\u010dele prikupljaju materijal i od godi\u0161njeg doba.<\/p>\n<p>\u010cuvati van doma\u0161aja dece.<\/p>\n<p><strong>Upozorenje: <\/strong>Kapi ne treba da koriste osobe preosetljive na bilo koji sastojak.<\/p>\n<p>Sadr\u017ee alkohol 60,7 g\/100 g.<\/p>\n<p>Nisu namenjene trudnicama, dojiljama i mla\u0111ima od 12 godina.<\/p>\n<p>Oprez je potreban kod osoba sa progresivnim sistemskim oboljenjima i autoimunim bolestima (TBC, AIDS, leukoze, kolagenoza, multipla skleroza). Konsultovati lekara.<\/p>\n<p>Proizvod upisan u bazu podataka Ministarstva zdravlja br. 1802\/2023 od 05.04.2023.<\/p>\n","protected":false},"excerpt":{"rendered":"<p>DIJETETSKI SUPLEMENT &#8211; ORALNE KAPI Osobine i delovanje: Propolis je najzna\u010dajniji p\u010delinji proizvod i prirodni antibiotik.\u00a0 Ispoljava antibakterijsko, antimikoti\u010dno, antivirusno, antiparazitsko, antioksidativno i imunostimuliraju\u0107e dejstvo. Povoljno [&hellip;]<\/p>\n","protected":false},"featured_media":5124,"comment_status":"open","ping_status":"closed","template":"","meta":{"_acf_changed":false},"product_brand":[],"product_cat":[44],"product_tag":[],"class_list":{"0":"post-4060","1":"product","2":"type-product","3":"status-publish","4":"has-post-thumbnail","6":"product_cat-dietetic-products-supplements","8":"first","9":"instock","10":"shipping-taxable","11":"product-type-simple"},"acf":[],"_links":{"self":[{"href":"https:\/\/www.sinefarm.rs\/en\/wp-json\/wp\/v2\/product\/4060","targetHints":{"allow":["GET"]}}],"collection":[{"href":"https:\/\/www.sinefarm.rs\/en\/wp-json\/wp\/v2\/product"}],"about":[{"href":"https:\/\/www.sinefarm.rs\/en\/wp-json\/wp\/v2\/types\/product"}],"replies":[{"embeddable":true,"href":"https:\/\/www.sinefarm.rs\/en\/wp-json\/wp\/v2\/comments?post=4060"}],"wp:featuredmedia":[{"embeddable":true,"href":"https:\/\/www.sinefarm.rs\/en\/wp-json\/wp\/v2\/media\/5124"}],"wp:attachment":[{"href":"https:\/\/www.sinefarm.rs\/en\/wp-json\/wp\/v2\/media?parent=4060"}],"wp:term":[{"taxonomy":"product_brand","embeddable":true,"href":"https:\/\/www.sinefarm.rs\/en\/wp-json\/wp\/v2\/product_brand?post=4060"},{"taxonomy":"product_cat","embeddable":true,"href":"https:\/\/www.sinefarm.rs\/en\/wp-json\/wp\/v2\/product_cat?post=4060"},{"taxonomy":"product_tag","embeddable":true,"href":"https:\/\/www.sinefarm.rs\/en\/wp-json\/wp\/v2\/product_tag?post=4060"}],"curies":[{"name":"wp","href":"https:\/\/api.w.org\/{rel}","templated":true}]}}