{"id":3772,"date":"2021-02-05T12:54:02","date_gmt":"2021-02-05T12:54:02","guid":{"rendered":"https:\/\/www.sinefarm.rs\/sljivovica\/"},"modified":"2024-10-07T11:11:13","modified_gmt":"2024-10-07T09:11:13","slug":"sljivovica","status":"publish","type":"product","link":"https:\/\/www.sinefarm.rs\/en\/sljivovica\/","title":{"rendered":"PLUM BRANDY"},"content":{"rendered":"<p>Garantovano prirodna rakija proizvedena od prvoklasne sorte \u0161ljive \u201cpo\u017eega\u010de\u201d.<\/p>\n<p>Proizvedena po za\u0161ti\u0107enoj proizvo\u0111a\u010dkoj specifikaciji.<\/p>\n<p>Rok trajanja neograni\u010den.<\/p>\n<p>Zapremina 0,7 L \u212e<\/p>\n<p>45% vol<\/p>\n","protected":false},"excerpt":{"rendered":"<p>Garantovano prirodna rakija proizvedena od prvoklasne sorte \u0161ljive \u201cpo\u017eega\u010de\u201d. Proizvedena po za\u0161ti\u0107enoj proizvo\u0111a\u010dkoj specifikaciji. Rok trajanja neograni\u010den. Zapremina 0,7 L \u212e 45% vol<\/p>\n","protected":false},"featured_media":3773,"comment_status":"open","ping_status":"closed","template":"","meta":{"_acf_changed":false},"product_brand":[],"product_cat":[42],"product_tag":[],"class_list":{"0":"post-3772","1":"product","2":"type-product","3":"status-publish","4":"has-post-thumbnail","6":"product_cat-alcoholic-drinks-natural-fruit-and-herbal-brandies-etc","8":"first","9":"instock","10":"shipping-taxable","11":"product-type-simple"},"acf":[],"_links":{"self":[{"href":"https:\/\/www.sinefarm.rs\/en\/wp-json\/wp\/v2\/product\/3772","targetHints":{"allow":["GET"]}}],"collection":[{"href":"https:\/\/www.sinefarm.rs\/en\/wp-json\/wp\/v2\/product"}],"about":[{"href":"https:\/\/www.sinefarm.rs\/en\/wp-json\/wp\/v2\/types\/product"}],"replies":[{"embeddable":true,"href":"https:\/\/www.sinefarm.rs\/en\/wp-json\/wp\/v2\/comments?post=3772"}],"wp:featuredmedia":[{"embeddable":true,"href":"https:\/\/www.sinefarm.rs\/en\/wp-json\/wp\/v2\/media\/3773"}],"wp:attachment":[{"href":"https:\/\/www.sinefarm.rs\/en\/wp-json\/wp\/v2\/media?parent=3772"}],"wp:term":[{"taxonomy":"product_brand","embeddable":true,"href":"https:\/\/www.sinefarm.rs\/en\/wp-json\/wp\/v2\/product_brand?post=3772"},{"taxonomy":"product_cat","embeddable":true,"href":"https:\/\/www.sinefarm.rs\/en\/wp-json\/wp\/v2\/product_cat?post=3772"},{"taxonomy":"product_tag","embeddable":true,"href":"https:\/\/www.sinefarm.rs\/en\/wp-json\/wp\/v2\/product_tag?post=3772"}],"curies":[{"name":"wp","href":"https:\/\/api.w.org\/{rel}","templated":true}]}}