{"id":3760,"date":"2021-02-05T12:57:38","date_gmt":"2021-02-05T12:57:38","guid":{"rendered":"https:\/\/www.sinefarm.rs\/vocna-rakija\/"},"modified":"2024-10-07T11:11:13","modified_gmt":"2024-10-07T09:11:13","slug":"fruit-brandy","status":"publish","type":"product","link":"https:\/\/www.sinefarm.rs\/en\/fruit-brandy\/","title":{"rendered":"FRUIT BRANDY"},"content":{"rendered":"<p>Garantovano prirodna rakija proizvedena od me\u0161avine vi\u0161e sorti prvoklasnog vo\u0107a.<\/p>\n<p>Proizvedena po za\u0161ti\u0107enoj proizvo\u0111a\u010dkoj specifikaciji.<\/p>\n<p>Rok trajanja neograni\u010den.<\/p>\n<p>Zapremina 0,7 L \u212e<\/p>\n<p>44% vol<\/p>\n","protected":false},"excerpt":{"rendered":"<p>Garantovano prirodna rakija proizvedena od me\u0161avine vi\u0161e sorti prvoklasnog vo\u0107a. Proizvedena po za\u0161ti\u0107enoj proizvo\u0111a\u010dkoj specifikaciji. Rok trajanja neograni\u010den. Zapremina 0,7 L \u212e 44% vol<\/p>\n","protected":false},"featured_media":3761,"comment_status":"open","ping_status":"closed","template":"","meta":{"_acf_changed":false},"product_brand":[],"product_cat":[42],"product_tag":[],"class_list":{"0":"post-3760","1":"product","2":"type-product","3":"status-publish","4":"has-post-thumbnail","6":"product_cat-alcoholic-drinks-natural-fruit-and-herbal-brandies-etc","8":"first","9":"instock","10":"shipping-taxable","11":"product-type-simple"},"acf":[],"_links":{"self":[{"href":"https:\/\/www.sinefarm.rs\/en\/wp-json\/wp\/v2\/product\/3760","targetHints":{"allow":["GET"]}}],"collection":[{"href":"https:\/\/www.sinefarm.rs\/en\/wp-json\/wp\/v2\/product"}],"about":[{"href":"https:\/\/www.sinefarm.rs\/en\/wp-json\/wp\/v2\/types\/product"}],"replies":[{"embeddable":true,"href":"https:\/\/www.sinefarm.rs\/en\/wp-json\/wp\/v2\/comments?post=3760"}],"wp:featuredmedia":[{"embeddable":true,"href":"https:\/\/www.sinefarm.rs\/en\/wp-json\/wp\/v2\/media\/3761"}],"wp:attachment":[{"href":"https:\/\/www.sinefarm.rs\/en\/wp-json\/wp\/v2\/media?parent=3760"}],"wp:term":[{"taxonomy":"product_brand","embeddable":true,"href":"https:\/\/www.sinefarm.rs\/en\/wp-json\/wp\/v2\/product_brand?post=3760"},{"taxonomy":"product_cat","embeddable":true,"href":"https:\/\/www.sinefarm.rs\/en\/wp-json\/wp\/v2\/product_cat?post=3760"},{"taxonomy":"product_tag","embeddable":true,"href":"https:\/\/www.sinefarm.rs\/en\/wp-json\/wp\/v2\/product_tag?post=3760"}],"curies":[{"name":"wp","href":"https:\/\/api.w.org\/{rel}","templated":true}]}}